{"id":11,"date":"2020-04-28T12:37:53","date_gmt":"2020-04-28T03:37:53","guid":{"rendered":"http:\/\/jec-ac.com\/vi\/?page_id=11"},"modified":"2020-08-25T16:18:27","modified_gmt":"2020-08-25T07:18:27","slug":"car","status":"publish","type":"page","link":"https:\/\/jec-ac.com\/vi\/car\/","title":{"rendered":"Ng\u00e0nh k\u1ef9 thu\u1eadt \u00f4 t\u00f4 qu\u1ed1c t\u1ebf"},"content":{"rendered":"<div class=\"second_main_img second_bg_3\">\n<div class=\"outer\">\n<ul>\n<li class=\"budge\"><!--\n\n<p>\u65e5\u672c\u6587\u90e8\u79d1\u5b66\u7701\u8a8d\u5b9a\u6821\n\n--><\/li>\n<li class=\"sub_ttl\">\n<h2>Ng\u00e0nh k\u1ef9 thu\u1eadt \u00f4 t\u00f4 qu\u1ed1c t\u1ebf<\/h2>\n<\/li>\n<\/ul><\/div>\n<\/p><\/div>\n<p>\t<main><\/p>\n<div class=\"wow fadeIn second_content\" data-wow-duration=\"2s\">\n<section class=\"content_block\">\n<h3 class=\"ttl wrapper\">Trang b\u1ecb cho m\u00ecnh k\u1ef9 n\u0103ng c\u00f3 th\u1ec3 l\u00e0m vi\u1ec7c ngay l\u1eadp t\u1ee9c nh\u01b0 l\u00e0 m\u1ed9t k\u1ef9 thu\u1eadt vi\u00ean b\u1ea3o d\u01b0\u1ee1ng qua vi\u1ec7c s\u1eed d\u1ee5ng nh\u1eefng chi\u1ebfc xe ch\u1ea1y th\u1ef1c t\u1ebf c\u1ee7a nh\u1eefng nh\u00e0 s\u1ea3n xu\u1ea5t \u0111i\u1ec3n h\u00ecnh c\u1ee7a Nh\u1eadt B\u1ea3n!<\/h3>\n<section class=\"japanese__top japanese__bg_1\">\n<div class=\"wrapper inner\">\n<div class=\"pic_box mb_40\">\n<div class=\"box\">\n<ul class=\"brand\">\n<li><img decoding=\"async\" src=\"https:\/\/jec-ac.com\/vi\/wp-content\/themes\/tpl\/img\/toyota.png\" alt=\"\" class=\"\"><\/li>\n<li><img decoding=\"async\" src=\"https:\/\/jec-ac.com\/vi\/wp-content\/themes\/tpl\/img\/suzuki.png\" alt=\"\" class=\"\"><\/li>\n<li><img decoding=\"async\" src=\"https:\/\/jec-ac.com\/vi\/wp-content\/themes\/tpl\/img\/mazda.png\" alt=\"\" class=\"\"><\/li>\n<li><img decoding=\"async\" src=\"https:\/\/jec-ac.com\/vi\/wp-content\/themes\/tpl\/img\/ud.png\" alt=\"\" class=\"\"><\/li>\n<li><img decoding=\"async\" src=\"https:\/\/jec-ac.com\/vi\/wp-content\/themes\/tpl\/img\/komatsu.png\" alt=\"\" class=\"\"><\/li>\n<li><img decoding=\"async\" src=\"https:\/\/jec-ac.com\/vi\/wp-content\/themes\/tpl\/img\/sg.png\" alt=\"\" class=\"\"><\/li>\n<li><img decoding=\"async\" src=\"https:\/\/jec-ac.com\/vi\/wp-content\/themes\/tpl\/img\/bus.png\" alt=\"\" class=\"\"><\/li>\n<\/ul><\/div>\n<div class=\"box txt\">\n<div class=\"inner\">\n<h3 class=\"middle_ttl\">T\u1ef7 l\u1ec7 \u0111\u01b0\u1ee3c tuy\u1ec3n d\u1ee5ng l\u00e0m vi\u1ec7c ch\u00ednh th\u1ee9c cho c\u00e1c doanh nghi\u1ec7p li\u00ean quan \u0111\u1ebfn \u00f4 t\u00f4 c\u1ee7a Nh\u1eadt B\u1ea3n l\u00e0 100%! Xin VISA lao \u0111\u1ed9ng \u0111\u1ea1t 100 %<\/h3>\n<p>\n\t\t\t\t\t\t\t\t\t\tT\u1ef7 l\u1ec7 \u0111\u01b0\u1ee3c tuy\u1ec3n d\u1ee5ng l\u00e0m vi\u1ec7c ch\u00ednh th\u1ee9c cho c\u00e1c doanh nghi\u1ec7p \u00f4 t\u00f4, nh\u00e0 s\u1ea3n xu\u1ea5t xe hai b\u00e1nh l\u1edbn \u1edf Nh\u1eadt B\u1ea3n v\u00e0 th\u1ebf gi\u1edbi l\u00e0 100%. <br \/>\nNgo\u00e0i ra c\u00f2n c\u00f3 th\u1ec3 xin VISA lao \u0111\u1ed9ng \u0111\u1ea1t t\u1ef7 l\u1ec7 100%, n\u00ean c\u00f3 th\u1ec3 v\u1eeba l\u00e0m vi\u1ec7c v\u1eeba trang b\u1ecb cho m\u00ecnh nh\u1eefng k\u1ef9 thu\u1eadt c\u1ee7a Nh\u1eadt B\u1ea3n m\u1ed9t c\u00e1ch ch\u1eafc ch\u1eafn. <br \/>\nSau khi v\u1ec1 n\u01b0\u1edbc, c\u00f3 th\u1ec3 l\u00e0m vi\u1ec7c t\u1ea1i c\u00e1c \u0111\u1ea1i l\u00fd c\u1ee7a Nh\u1eadt B\u1ea3n v\u1edbi ch\u1ebf \u0111\u1ed9 \u0111\u00e3i ng\u1ed9 t\u1ed1t.\n\t\t\t\t\t\t\t\t\t<\/p>\n<\/p><\/div>\n<\/p><\/div>\n<\/p><\/div>\n<div class=\"pic_box mb_40 reverse_tb\">\n<div class=\"box txt\">\n<div class=\"inner\">\n<h3 class=\"middle_ttl\">Th\u1ef1c t\u1ebf ch\u1eafc ch\u1eafn \u0111\u1eb7c bi\u1ec7t ch\u1ec9 c\u00f3 t\u1ea1i JEC<\/h3>\n<p>\n\t\t\t\t\t\t\t\t\t\tT\u1ea1i bu\u1ed5i gi\u1ea3i th\u00edch k\u1ebft h\u1ee3p t\u00ecm vi\u1ec7c l\u00e0m \u0111\u01b0\u1ee3c t\u1ed5 ch\u1ee9c h\u00e0ng n\u0103m, c\u00f3 nhi\u1ec1u ng\u01b0\u1eddi ph\u1ee5 tr\u00e1ch tuy\u1ec3n d\u1ee5ng t\u1eeb c\u00e1c nh\u00e0 s\u1ea3n xu\u1ea5t l\u1edbn t\u1eadp h\u1ee3p l\u1ea1i JEC v\u00e0 t\u00edch c\u1ef1c \u0111\u1ec1 ngh\u1ecb tuy\u1ec3n d\u1ee5ng. T\u1ef7 l\u1ec7 \u0111\u01b0\u1ee3c quy\u1ebft \u0111\u1ecbnh tuy\u1ec3n d\u1ee5ng ch\u00ednh th\u1ee9c 100% ch\u00ednh l\u00e0 nh\u1edd s\u1ef1 tin t\u01b0\u1edfng t\u1eeb c\u00e1c doanh nghi\u1ec7p l\u1edbn, c\u00f3 th\u1ec3 n\u00f3i \u0111\u00f3 l\u00e0 \u0111i\u1ec3m \u0111\u1eb7c tr\u01b0ng ch\u1ec9 c\u00f3 \u1edf JEC.\n\t\t\t\t\t\t\t\t\t<\/p>\n<\/p><\/div>\n<\/p><\/div>\n<div class=\"box\">\n\t\t\t\t\t\t\t\t<img decoding=\"async\" src=\"https:\/\/jec-ac.com\/vi\/wp-content\/themes\/tpl\/img\/rec.jpg\" alt=\"\">\n\t\t\t\t\t\t\t<\/div>\n<\/p><\/div>\n<div class=\"pic_box mb_40\">\n<div class=\"box\">\n\t\t\t\t\t\t\t\t<img decoding=\"async\" src=\"https:\/\/jec-ac.com\/vi\/wp-content\/themes\/tpl\/img\/rec2.jpg\" alt=\"\">\n\t\t\t\t\t\t\t<\/div>\n<div class=\"box txt\">\n<div class=\"inner\">\n<h3 class=\"middle_ttl\">H\u1ecdc \u0111\u01b0\u1ee3c nhi\u1ec1u k\u1ef9 n\u0103ng th\u1ef1c ti\u1ec5n nh\u1edd \u0111\u1ed9i ng\u0169 gi\u1ea3ng vi\u00ean xu\u1ea5t th\u00e2n t\u1eeb nh\u1eefng nh\u00e0 s\u1ea3n xu\u1ea5t l\u1edbn v\u00e0 trang thi\u1ebft b\u1ecb h\u1ecdc t\u1eadp \u0111\u1ea7y \u0111\u1ee7<\/h3>\n<p>\n\t\t\t\t\t\t\t\t\t\tGi\u1ea3ng vi\u00ean l\u00e0 nh\u1eefng k\u1ef9 thu\u1eadt vi\u00ean b\u1ea3o d\u01b0\u1ee1ng h\u1ea1ng nh\u1ea5t xu\u1ea5t th\u00e2n t\u1eeb c\u00e1c \u0111\u1ea1i l\u00fd l\u1edbn nh\u01b0 Toyota, Mazda, Honda, Nissan, v.v&#8230; <br \/>\nTrang b\u1ecb cho m\u00ecnh nh\u1eefng k\u1ef9 thu\u1eadt \u0111\u00edch th\u1ef1c qua h\u00ecnh th\u1ee9c th\u1ef1c t\u1eadp, bao g\u1ed3m c\u1ea3 nh\u1eefng \u0111\u1eb7c t\u00ednh c\u1ee7a t\u1eebng nh\u00e0 s\u1ea3n xu\u1ea5t.\n\t\t\t\t\t\t\t\t\t<\/p>\n<\/p><\/div>\n<\/p><\/div>\n<\/p><\/div>\n<\/p><\/div>\n<\/section>\n<\/section><\/div>\n<div class=\"wrapper wow fadeIn\" data-wow-duration=\"2.3s\">\n<section class=\"content_block\">\n<h3 class=\"ttl\">L\u00fd do t\u00f4i \u0111\u00e3 ch\u1ecdn JEC<\/h3>\n<div class=\"half__column mb_40\">\n<div class=\"column\">\n\t\t\t\t\t\t<video controls loop playsinline poster=\"https:\/\/jec-ac.com\/vi\/wp-content\/themes\/tpl\/img\/maya.jpg\" class=\"video_full\"><source src=\"https:\/\/jec-ac.com\/vi\/wp-content\/themes\/tpl\/img\/maya.mp4\" type=\"video\/mp4\"><\/video>\n\t\t\t\t\t\t<\/div>\n<div class=\"column\">\n<div class=\"prof\">\n<table>\n<tr>\n<th>Sinh vi\u00ean t\u1ed1t nghi\u1ec7p<\/th>\n<td>anh MAYA<\/td>\n<\/tr>\n<tr>\n<th>N\u0103m t\u1ed1t nghi\u1ec7p<\/th>\n<td>T\u1ed1t nghi\u1ec7p th\u00e1ng 3 n\u0103m 2017<\/td>\n<\/tr>\n<tr>\n<th>Qu\u1ed1c gia sinh ra<\/th>\n<td>Nepal <img decoding=\"async\" src=\"https:\/\/jec-ac.com\/vi\/wp-content\/themes\/tpl\/img\/flag-1.jpg\" alt=\"\"><\/td>\n<\/tr>\n<tr>\n<th>N\u01a1i l\u00e0m vi\u1ec7c<\/th>\n<td>C\u00f4ng ty TNHH UD Trucks (Hyogo)<\/td>\n<\/tr>\n<\/table><\/div>\n<\/p><\/div>\n<\/p><\/div>\n<div class=\"half__column mb_40 reverse_tb\">\n<div class=\"column\">\n<div class=\"prof\">\n<table>\n<tr>\n<th>Sinh vi\u00ean t\u1ed1t nghi\u1ec7p<\/th>\n<td>anh VINH<\/td>\n<\/tr>\n<tr>\n<th>N\u0103m t\u1ed1t nghi\u1ec7p<\/th>\n<td>T\u1ed1t nghi\u1ec7p th\u00e1ng 3 n\u0103m 2019<\/td>\n<\/tr>\n<tr>\n<th>Qu\u1ed1c gia sinh ra<\/th>\n<td>Vi\u1ec7t Nam <img decoding=\"async\" src=\"https:\/\/jec-ac.com\/vi\/wp-content\/themes\/tpl\/img\/flag-2.jpg\" alt=\"\"><\/td>\n<\/tr>\n<tr>\n<th>N\u01a1i l\u00e0m vi\u1ec7c<\/th>\n<td>L\u01b0\u1edbi Toyota Nankai (Osaka)<\/td>\n<\/tr>\n<\/table><\/div>\n<\/p><\/div>\n<div class=\"column\">\n\t\t\t\t\t\t\t<video controls loop playsinline poster=\"https:\/\/jec-ac.com\/vi\/wp-content\/themes\/tpl\/img\/vinh.jpg\" class=\"video_full\"><source src=\"https:\/\/jec-ac.com\/vi\/wp-content\/themes\/tpl\/img\/vinh.mp4\" type=\"video\/mp4\"><\/video>\n\t\t\t\t\t\t\t<\/div>\n<\/p><\/div>\n<div class=\"half__column\">\n<div class=\"column\">\n\t\t\t\t\t\t\t\t<video controls loop playsinline poster=\"https:\/\/jec-ac.com\/vi\/wp-content\/themes\/tpl\/img\/ray.jpg\" class=\"video_full\"><source src=\"https:\/\/jec-ac.com\/vi\/wp-content\/themes\/tpl\/img\/ray.mp4\" type=\"video\/mp4\"><\/video>\n\t\t\t\t\t\t\t\t<\/div>\n<div class=\"column\">\n<div class=\"prof\">\n<table style=\"margin-bottom:30px;\">\n<tr>\n<th>H\u1ecdc sinh hi\u1ec7n t\u1ea1i<\/th>\n<td>anh REYNALDI<\/td>\n<\/tr>\n<tr>\n<th>Ghi danh<\/th>\n<td>Ng\u00e0nh k\u1ef9 thu\u1eadt \u00f4 t\u00f4 qu\u1ed1c t\u1ebf2<\/td>\n<\/tr>\n<tr>\n<th>Qu\u1ed1c gia sinh ra<\/th>\n<td>Indonesia  <img decoding=\"async\" src=\"https:\/\/jec-ac.com\/vi\/wp-content\/themes\/tpl\/img\/flag-3.jpg\" alt=\"\"><\/td>\n<\/tr>\n<\/table><\/div>\n<\/p><\/div>\n<\/p><\/div>\n<div class=\"half__column mb_40 reverse_tb\">\n<div class=\"column\">\n<div class=\"prof\">\n<table>\n<tr>\n<th>H\u1ecdc sinh hi\u1ec7n t\u1ea1i<\/th>\n<td>anh LI<\/td>\n<\/tr>\n<tr>\n<th>Ghi danh<\/th>\n<td>Ng\u00e0nh k\u1ef9 thu\u1eadt \u00f4 t\u00f4 qu\u1ed1c t\u1ebf1<\/td>\n<\/tr>\n<tr>\n<th>Qu\u1ed1c gia sinh ra<\/th>\n<td>Trung Qu\u1ed1c <img decoding=\"async\" src=\"https:\/\/jec-ac.com\/vi\/wp-content\/themes\/tpl\/img\/flag-4.jpg\" alt=\"\"><\/td>\n<\/tr>\n<\/table><\/div>\n<\/p><\/div>\n<div class=\"column\">\n\t\t\t\t\t\t\t<video controls loop playsinline poster=\"https:\/\/jec-ac.com\/vi\/wp-content\/themes\/tpl\/img\/top_video4.jpg\" class=\"video_full\"><source src=\"https:\/\/jec-ac.com\/vi\/wp-content\/themes\/tpl\/img\/top_video4.mp4\" type=\"video\/mp4\"><\/video>\n\t\t\t\t\t\t\t<\/div>\n<\/p><\/div>\n<\/section><\/div>\n<div class=\"wow fadeIn\" data-wow-duration=\"2.6s\">\n<section class=\"content_block\">\n<section class=\"japanese__top japanese__bg_2\">\n<div class=\"wrapper\">\n<div class=\"inner\">\n<section class=\"example\">\n<h3 class=\"sub_ttl\">Ngh\u1ec1 nghi\u1ec7p c\u00f3 th\u1ec3 h\u01b0\u1edbng \u0111\u1ebfn<\/h3>\n<ul class=\"list\">\n<li class=\"w30\">\n\t\t\t\t\t\t\t\t\t\t\t\t\t<img decoding=\"async\" src=\"https:\/\/jec-ac.com\/vi\/wp-content\/themes\/tpl\/img\/job-1.jpg\" alt=\"K\u1ef9 thu\u1eadt vi\u00ean b\u1ea3o d\u01b0\u1ee1ng \u00f4 t\u00f4\" class=\"\"><\/p>\n<p>K\u1ef9 thu\u1eadt vi\u00ean b\u1ea3o d\u01b0\u1ee1ng \u00f4 t\u00f4<\/p>\n<\/li>\n<li class=\"w30\">\n\t\t\t\t\t\t\t\t\t\t\t\t\t<img decoding=\"async\" src=\"https:\/\/jec-ac.com\/vi\/wp-content\/themes\/tpl\/img\/job-2.jpg\" alt=\"K\u1ef9 thu\u1eadt vi\u00ean b\u1ea3o d\u01b0\u1ee1ng xe hai b\u00e1nh\" class=\"\"><\/p>\n<p>K\u1ef9 thu\u1eadt vi\u00ean b\u1ea3o d\u01b0\u1ee1ng xe hai b\u00e1nh<\/p>\n<\/li>\n<li class=\"w30\">\n\t\t\t\t\t\t\t\t\t\t\t\t\t<img decoding=\"async\" src=\"https:\/\/jec-ac.com\/vi\/wp-content\/themes\/tpl\/img\/job-3.jpg\" alt=\"Nh\u00e2n vi\u00ean ki\u1ec3m \u0111\u1ecbnh xe\" class=\"\"><\/p>\n<p>Nh\u00e2n vi\u00ean ki\u1ec3m \u0111\u1ecbnh xe<\/p>\n<\/li>\n<\/ul>\n<\/section>\n<section class=\"works__list\">\n<h4 class=\"main_ttl\">Ch\u1ee9ng ch\u1ec9 ch\u1ee9ng nh\u1eadn c\u00f3 th\u1ec3 c\u00f3 \u0111\u01b0\u1ee3c<\/h4>\n<div class=\"box\">\n<ul class=\"list_l\">\n<li>K\u1ef9 thu\u1eadt vi\u00ean b\u1ea3o d\u01b0\u1ee1ng \u00f4 t\u00f4 ch\u1ea1y b\u1eb1ng x\u0103ng c\u1ea5p 2<\/li>\n<li>Ch\u1ee9ng nh\u1eadn ho\u00e0n th\u00e0nh kh\u00f3a h\u1ecdc k\u1ef9 n\u0103ng h\u00e0n b\u1eb1ng gas<\/li>\n<li>K\u1ef9 thu\u1eadt vi\u00ean b\u1ea3o d\u01b0\u1ee1ng \u00f4 t\u00f4 ch\u1ea1y b\u1eb1ng d\u1ea7u diesel c\u1ea5p 2 (mi\u1ec5n k\u1ef9 n\u0103ng th\u1ef1c h\u00e0nh)<\/li>\n<li>Kh\u00f3a h\u1ecdc thao t\u00e1c b\u01a1m \u00e1p su\u1ea5t kh\u00f4ng kh\u00ed cho l\u1ed1p xe<\/li>\n<li>K\u1ef3 thi n\u0103ng l\u1ef1c Nh\u1eadt ng\u1eef: N1 v\u00e0 N2<\/li>\n<li>Ng\u01b0\u1eddi ch\u1ecbu tr\u00e1ch nhi\u1ec7m ch\u00ednh x\u1eed l\u00fd \u0111\u1ed3 v\u1eadt nguy hi\u1ec3m (h\u1ea1ng B, lo\u1ea1i 4)<\/li>\n<li>Kh\u00f3a h\u1ecdc nh\u00e2n vi\u00ean x\u1eed l\u00fd \u0111i\u1ec7n \u00e1p th\u1ea5p<\/li>\n<li>Ki\u1ec3m \u0111\u1ecbnh kinh doanh c\u1ea5p 3, v.v&#8230;<\/li>\n<li>Th\u1ea9m \u0111\u1ecbnh vi\u00ean \u00f4 t\u00f4 c\u0169<\/li>\n<\/ul><\/div>\n<\/section><\/div>\n<\/p><\/div>\n<\/section>\n<\/section><\/div>\n<\/p><\/div>\n\t\n\t<div class=\"foot__nav\">\n\t\t<div class=\"wrapper\">\n\t\t\t<div class=\"inner\">\n\t\t\t\t<ul>\n\t\t\t\t\t<li><a href=\"https:\/\/jec-ac.com\/vi\/flow\" class=\"btn\">Quy tr\u00ecnh cho \u0111\u1ebfn khi nh\u1eadp h\u1ecdc<\/a><\/li>\n\t\t\t\t\t<li><a href=\"https:\/\/jec-ac.com\/vi\/tuition\" class=\"btn\">H\u1ecdc ph\u00ed v\u00e0 \u0111i\u1ec7u ki\u1ec7n  n\u1ed9p \u0111\u01a1n<\/a><\/li>\n\t\t\t\t\t<li><a href=\"https:\/\/jec-ac.com\/vi\/life\" class=\"btn\">V\u1ec1 sinh ho\u1ea1t<\/a><\/li>\n\t\t\t\t<\/ul>\n\t\t\t<\/div>\n\t\t<\/div>\n\t<\/div>\n\t<div class=\"sector_banner\">\n\t\t<div class=\"wrapper\">\n\t\t\t<ul>\n\t\t\t\t<li>\n\t\t\t\t\t<a href=\"https:\/\/jec-ac.com\/vi\/japanese\">\n\t\t\t\t\t\t<div class=\"box\">\n\t\t\t\t\t\t\t<div class=\"pic\">\n\t\t\t\t\t\t\t\t<img decoding=\"async\" src=\"https:\/\/jec-ac.com\/vi\/wp-content\/themes\/tpl\/img\/sector_1.jpg\" alt=\"\">\n\t\t\t\t\t\t\t<\/div>\n\t\t\t\t\t\t\t<div class=\"txt\">\n\t\t\t\t\t\t\t\t<div>\n\t\t\t\t\t\t\t\t\t<p class=\"lead\">Ng\u00e0nh ti\u1ebfng Nh\u1eadt<\/p>\n\t\t\t\t\t\t\t\t<\/div>\n\t\t\t\t\t\t\t<\/div>\n\t\t\t\t\t\t<\/div>\n\t\t\t\t\t<\/a>\n\t\t\t\t<\/li>\n\t\t\t\t<li>\n\t\t\t\t\t<a href=\"https:\/\/jec-ac.com\/vi\/international_communication\">\n\t\t\t\t\t\t<div class=\"box\">\n\t\t\t\t\t\t\t<div class=\"pic\">\n\t\t\t\t\t\t\t\t<img decoding=\"async\" src=\"https:\/\/jec-ac.com\/vi\/wp-content\/themes\/tpl\/img\/sector_2.jpg\" alt=\"\">\n\t\t\t\t\t\t\t<\/div>\n\t\t\t\t\t\t\t<div class=\"txt\">\n\t\t\t\t\t\t\t\t<div>\n\t\t\t\t\t\t\t\t\t<p class=\"lead\">Ng\u00e0nh giao ti\u1ebfp qu\u1ed1c t\u1ebf<\/p>\n\t\t\t\t\t\t\t\t<\/div>\n\t\t\t\t\t\t\t<\/div>\n\t\t\t\t\t\t<\/div>\n\t\t\t\t\t<\/a>\n\t\t\t\t<\/li>\n\t\t\t\t<li>\n\t\t\t\t\t<a href=\"https:\/\/jec-ac.com\/vi\/car\">\n\t\t\t\t\t\t<div class=\"box\">\n\t\t\t\t\t\t\t<div class=\"pic\">\n\t\t\t\t\t\t\t\t<img decoding=\"async\" src=\"https:\/\/jec-ac.com\/vi\/wp-content\/themes\/tpl\/img\/sector_3.jpg\" alt=\"\">\n\t\t\t\t\t\t\t<\/div>\n\t\t\t\t\t\t\t<div class=\"txt\">\n\t\t\t\t\t\t\t\t<div>\n\t\t\t\t\t\t\t\t\t<p class=\"lead\">Ng\u00e0nh k\u1ef9 thu\u1eadt \u00f4 t\u00f4 qu\u1ed1c t\u1ebf<\/p>\n\t\t\t\t\t\t\t\t<\/div>\n\t\t\t\t\t\t\t<\/div>\n\t\t\t\t\t\t<\/div>\n\t\t\t\t\t<\/a>\n\t\t\t\t<\/li>\n\t\t\t\t<li>\n\t\t\t\t\t<a href=\"https:\/\/jec-ac.com\/vi\/engineering\">\n\t\t\t\t\t\t<div class=\"box\">\n\t\t\t\t\t\t\t<div class=\"pic\">\n\t\t\t\t\t\t\t\t<img decoding=\"async\" src=\"https:\/\/jec-ac.com\/vi\/wp-content\/themes\/tpl\/img\/sector_4.jpg\" alt=\"\">\n\t\t\t\t\t\t\t<\/div>\n\t\t\t\t\t\t\t<div class=\"txt\">\n\t\t\t\t\t\t\t\t<div>\n\t\t\t\t\t\t\t\t\t<p class=\"lead\">Ng\u00e0nh k\u1ef9 thu\u1eadt IT qu\u1ed1c t\u1ebf<\/p>\n\t\t\t\t\t\t\t\t<\/div>\n\t\t\t\t\t\t\t<\/div>\n\t\t\t\t\t\t<\/div>\n\t\t\t\t\t<\/a>\n\t\t\t\t<\/li>\n\t\t\t\t<li>\n\t\t\t\t\t<a href=\"https:\/\/jec-ac.com\/vi\/architecture\">\n\t\t\t\t\t\t<div class=\"box\">\n\t\t\t\t\t\t\t<div class=\"pic\">\n\t\t\t\t\t\t\t\t<img decoding=\"async\" src=\"https:\/\/jec-ac.com\/vi\/wp-content\/themes\/tpl\/img\/sector_5.jpg\" alt=\"\">\n\t\t\t\t\t\t\t<\/div>\n\t\t\t\t\t\t\t<div class=\"txt\">\n\t\t\t\t\t\t\t\t<div>\n\t\t\t\t\t\t\t\t\t<p class=\"lead\">Ng\u00e0nh ki\u1ebfn tr\u00fac (h\u1ecdc chung v\u1edbi ng\u01b0\u1eddi Nh\u1eadt)<\/p>\n\t\t\t\t\t\t\t\t<\/div>\n\t\t\t\t\t\t\t<\/div>\n\t\t\t\t\t\t<\/div>\n\t\t\t\t\t<\/a>\n\t\t\t\t<\/li>\n\t\t\t<\/ul>\n\t\t<\/div>\n\t<\/div>\n<p>\t\t\t<\/main><\/p>\n","protected":false},"excerpt":{"rendered":"<p>Ng\u00e0nh k\u1ef9 thu\u1eadt \u00f4 t\u00f4 qu\u1ed1c t\u1ebf Trang b\u1ecb cho m\u00ecnh k\u1ef9 n\u0103ng c\u00f3 th\u1ec3 l\u00e0m vi\u1ec7c ngay l\u1eadp t\u1ee9c nh\u01b0 l\u00e0 m\u1ed9t k\u1ef9 thu\u1eadt vi\u00ean b\u1ea3 [&hellip;]<\/p>\n","protected":false},"author":1,"featured_media":0,"parent":0,"menu_order":0,"comment_status":"closed","ping_status":"closed","template":"","meta":{"footnotes":""},"class_list":["post-11","page","type-page","status-publish","hentry"],"yoast_head":"<!-- This site is optimized with the Yoast SEO plugin v26.0 - https:\/\/yoast.com\/wordpress\/plugins\/seo\/ -->\n<title>Ng\u00e0nh k\u1ef9 thu\u1eadt \u00f4 t\u00f4 qu\u1ed1c t\u1ebf - \u3010Du h\u1ecdc Nh\u1eadt B\u1ea3n\u3011Du h\u1ecdc tr\u01b0\u1eddng JEC (Japan Engineering College) t\u1ea1i TP. Himeji, t\u1ec9nh Hyogo, Nh\u1eadt B\u1ea3n<\/title>\n<meta name=\"robots\" content=\"index, follow, max-snippet:-1, max-image-preview:large, max-video-preview:-1\" \/>\n<link rel=\"canonical\" href=\"https:\/\/jec-ac.com\/vi\/car\/\" \/>\n<meta property=\"og:locale\" content=\"ja_JP\" \/>\n<meta property=\"og:type\" content=\"article\" \/>\n<meta property=\"og:title\" content=\"Ng\u00e0nh k\u1ef9 thu\u1eadt \u00f4 t\u00f4 qu\u1ed1c t\u1ebf - \u3010Du h\u1ecdc Nh\u1eadt B\u1ea3n\u3011Du h\u1ecdc tr\u01b0\u1eddng JEC (Japan Engineering College) t\u1ea1i TP. Himeji, t\u1ec9nh Hyogo, Nh\u1eadt B\u1ea3n\" \/>\n<meta property=\"og:description\" content=\"Ng\u00e0nh k\u1ef9 thu\u1eadt \u00f4 t\u00f4 qu\u1ed1c t\u1ebf Trang b\u1ecb cho m\u00ecnh k\u1ef9 n\u0103ng c\u00f3 th\u1ec3 l\u00e0m vi\u1ec7c ngay l\u1eadp t\u1ee9c nh\u01b0 l\u00e0 m\u1ed9t k\u1ef9 thu\u1eadt vi\u00ean b\u1ea3 [&hellip;]\" \/>\n<meta property=\"og:url\" content=\"https:\/\/jec-ac.com\/vi\/car\/\" \/>\n<meta property=\"og:site_name\" content=\"\u3010Du h\u1ecdc Nh\u1eadt B\u1ea3n\u3011Du h\u1ecdc tr\u01b0\u1eddng JEC (Japan Engineering College) t\u1ea1i TP. Himeji, t\u1ec9nh Hyogo, Nh\u1eadt B\u1ea3n\" \/>\n<meta property=\"article:modified_time\" content=\"2020-08-25T07:18:27+00:00\" \/>\n<meta property=\"og:image\" content=\"http:\/\/img\/toyota.png\" \/>\n<meta name=\"twitter:card\" content=\"summary_large_image\" \/>\n<script type=\"application\/ld+json\" class=\"yoast-schema-graph\">{\"@context\":\"https:\/\/schema.org\",\"@graph\":[{\"@type\":\"WebPage\",\"@id\":\"https:\/\/jec-ac.com\/vi\/car\/\",\"url\":\"https:\/\/jec-ac.com\/vi\/car\/\",\"name\":\"Ng\u00e0nh k\u1ef9 thu\u1eadt \u00f4 t\u00f4 qu\u1ed1c t\u1ebf - \u3010Du h\u1ecdc Nh\u1eadt B\u1ea3n\u3011Du h\u1ecdc tr\u01b0\u1eddng JEC (Japan Engineering College) t\u1ea1i TP. Himeji, t\u1ec9nh Hyogo, Nh\u1eadt B\u1ea3n\",\"isPartOf\":{\"@id\":\"https:\/\/jec-ac.com\/vi\/#website\"},\"datePublished\":\"2020-04-28T03:37:53+00:00\",\"dateModified\":\"2020-08-25T07:18:27+00:00\",\"breadcrumb\":{\"@id\":\"https:\/\/jec-ac.com\/vi\/car\/#breadcrumb\"},\"inLanguage\":\"ja\",\"potentialAction\":[{\"@type\":\"ReadAction\",\"target\":[\"https:\/\/jec-ac.com\/vi\/car\/\"]}]},{\"@type\":\"BreadcrumbList\",\"@id\":\"https:\/\/jec-ac.com\/vi\/car\/#breadcrumb\",\"itemListElement\":[{\"@type\":\"ListItem\",\"position\":1,\"name\":\"\u30db\u30fc\u30e0\",\"item\":\"https:\/\/jec-ac.com\/vi\/\"},{\"@type\":\"ListItem\",\"position\":2,\"name\":\"Ng\u00e0nh k\u1ef9 thu\u1eadt \u00f4 t\u00f4 qu\u1ed1c t\u1ebf\"}]},{\"@type\":\"WebSite\",\"@id\":\"https:\/\/jec-ac.com\/vi\/#website\",\"url\":\"https:\/\/jec-ac.com\/vi\/\",\"name\":\"\u3010Du h\u1ecdc Nh\u1eadt B\u1ea3n\u3011Du h\u1ecdc tr\u01b0\u1eddng JEC (Japan Engineering College) t\u1ea1i TP. Himeji, t\u1ec9nh Hyogo, Nh\u1eadt B\u1ea3n\",\"description\":\"Tr\u01b0\u1eddng d\u1ea1y ngh\u1ec1 H\u1ecdc vi\u1ec7n C\u00f4ng ngh\u1ec7 Nippon \uff5c CNTT \/ Ki\u1ebfn tr\u00fac \/ C\u01a1 kh\u00ed \u00f4 t\u00f4 \/ Ti\u1ebfp t\u1ee5c h\u1ecdc ti\u1ebfng Nh\u1eadt t\u1ea1i Th\u00e0nh ph\u1ed1 Himeji, Hyogo\",\"potentialAction\":[{\"@type\":\"SearchAction\",\"target\":{\"@type\":\"EntryPoint\",\"urlTemplate\":\"https:\/\/jec-ac.com\/vi\/?s={search_term_string}\"},\"query-input\":{\"@type\":\"PropertyValueSpecification\",\"valueRequired\":true,\"valueName\":\"search_term_string\"}}],\"inLanguage\":\"ja\"}]}<\/script>\n<!-- \/ Yoast SEO plugin. -->","yoast_head_json":{"title":"Ng\u00e0nh k\u1ef9 thu\u1eadt \u00f4 t\u00f4 qu\u1ed1c t\u1ebf - \u3010Du h\u1ecdc Nh\u1eadt B\u1ea3n\u3011Du h\u1ecdc tr\u01b0\u1eddng JEC (Japan Engineering College) t\u1ea1i TP. Himeji, t\u1ec9nh Hyogo, Nh\u1eadt B\u1ea3n","robots":{"index":"index","follow":"follow","max-snippet":"max-snippet:-1","max-image-preview":"max-image-preview:large","max-video-preview":"max-video-preview:-1"},"canonical":"https:\/\/jec-ac.com\/vi\/car\/","og_locale":"ja_JP","og_type":"article","og_title":"Ng\u00e0nh k\u1ef9 thu\u1eadt \u00f4 t\u00f4 qu\u1ed1c t\u1ebf - \u3010Du h\u1ecdc Nh\u1eadt B\u1ea3n\u3011Du h\u1ecdc tr\u01b0\u1eddng JEC (Japan Engineering College) t\u1ea1i TP. Himeji, t\u1ec9nh Hyogo, Nh\u1eadt B\u1ea3n","og_description":"Ng\u00e0nh k\u1ef9 thu\u1eadt \u00f4 t\u00f4 qu\u1ed1c t\u1ebf Trang b\u1ecb cho m\u00ecnh k\u1ef9 n\u0103ng c\u00f3 th\u1ec3 l\u00e0m vi\u1ec7c ngay l\u1eadp t\u1ee9c nh\u01b0 l\u00e0 m\u1ed9t k\u1ef9 thu\u1eadt vi\u00ean b\u1ea3 [&hellip;]","og_url":"https:\/\/jec-ac.com\/vi\/car\/","og_site_name":"\u3010Du h\u1ecdc Nh\u1eadt B\u1ea3n\u3011Du h\u1ecdc tr\u01b0\u1eddng JEC (Japan Engineering College) t\u1ea1i TP. Himeji, t\u1ec9nh Hyogo, Nh\u1eadt B\u1ea3n","article_modified_time":"2020-08-25T07:18:27+00:00","og_image":[{"url":"img\/toyota.png","type":"","width":"","height":""}],"twitter_card":"summary_large_image","schema":{"@context":"https:\/\/schema.org","@graph":[{"@type":"WebPage","@id":"https:\/\/jec-ac.com\/vi\/car\/","url":"https:\/\/jec-ac.com\/vi\/car\/","name":"Ng\u00e0nh k\u1ef9 thu\u1eadt \u00f4 t\u00f4 qu\u1ed1c t\u1ebf - \u3010Du h\u1ecdc Nh\u1eadt B\u1ea3n\u3011Du h\u1ecdc tr\u01b0\u1eddng JEC (Japan Engineering College) t\u1ea1i TP. Himeji, t\u1ec9nh Hyogo, Nh\u1eadt B\u1ea3n","isPartOf":{"@id":"https:\/\/jec-ac.com\/vi\/#website"},"datePublished":"2020-04-28T03:37:53+00:00","dateModified":"2020-08-25T07:18:27+00:00","breadcrumb":{"@id":"https:\/\/jec-ac.com\/vi\/car\/#breadcrumb"},"inLanguage":"ja","potentialAction":[{"@type":"ReadAction","target":["https:\/\/jec-ac.com\/vi\/car\/"]}]},{"@type":"BreadcrumbList","@id":"https:\/\/jec-ac.com\/vi\/car\/#breadcrumb","itemListElement":[{"@type":"ListItem","position":1,"name":"\u30db\u30fc\u30e0","item":"https:\/\/jec-ac.com\/vi\/"},{"@type":"ListItem","position":2,"name":"Ng\u00e0nh k\u1ef9 thu\u1eadt \u00f4 t\u00f4 qu\u1ed1c t\u1ebf"}]},{"@type":"WebSite","@id":"https:\/\/jec-ac.com\/vi\/#website","url":"https:\/\/jec-ac.com\/vi\/","name":"\u3010Du h\u1ecdc Nh\u1eadt B\u1ea3n\u3011Du h\u1ecdc tr\u01b0\u1eddng JEC (Japan Engineering College) t\u1ea1i TP. Himeji, t\u1ec9nh Hyogo, Nh\u1eadt B\u1ea3n","description":"Tr\u01b0\u1eddng d\u1ea1y ngh\u1ec1 H\u1ecdc vi\u1ec7n C\u00f4ng ngh\u1ec7 Nippon \uff5c CNTT \/ Ki\u1ebfn tr\u00fac \/ C\u01a1 kh\u00ed \u00f4 t\u00f4 \/ Ti\u1ebfp t\u1ee5c h\u1ecdc ti\u1ebfng Nh\u1eadt t\u1ea1i Th\u00e0nh ph\u1ed1 Himeji, Hyogo","potentialAction":[{"@type":"SearchAction","target":{"@type":"EntryPoint","urlTemplate":"https:\/\/jec-ac.com\/vi\/?s={search_term_string}"},"query-input":{"@type":"PropertyValueSpecification","valueRequired":true,"valueName":"search_term_string"}}],"inLanguage":"ja"}]}},"_links":{"self":[{"href":"https:\/\/jec-ac.com\/vi\/wp-json\/wp\/v2\/pages\/11","targetHints":{"allow":["GET"]}}],"collection":[{"href":"https:\/\/jec-ac.com\/vi\/wp-json\/wp\/v2\/pages"}],"about":[{"href":"https:\/\/jec-ac.com\/vi\/wp-json\/wp\/v2\/types\/page"}],"author":[{"embeddable":true,"href":"https:\/\/jec-ac.com\/vi\/wp-json\/wp\/v2\/users\/1"}],"replies":[{"embeddable":true,"href":"https:\/\/jec-ac.com\/vi\/wp-json\/wp\/v2\/comments?post=11"}],"version-history":[{"count":1,"href":"https:\/\/jec-ac.com\/vi\/wp-json\/wp\/v2\/pages\/11\/revisions"}],"predecessor-version":[{"id":251,"href":"https:\/\/jec-ac.com\/vi\/wp-json\/wp\/v2\/pages\/11\/revisions\/251"}],"wp:attachment":[{"href":"https:\/\/jec-ac.com\/vi\/wp-json\/wp\/v2\/media?parent=11"}],"curies":[{"name":"wp","href":"https:\/\/api.w.org\/{rel}","templated":true}]}}